{"id":227,"date":"2017-05-11T19:34:04","date_gmt":"2017-05-11T18:34:04","guid":{"rendered":"http:\/\/www.proone.it\/site\/?page_id=227"},"modified":"2017-05-26T11:06:09","modified_gmt":"2017-05-26T10:06:09","slug":"proone-meeting-lalieno","status":"publish","type":"page","link":"https:\/\/www.proone.it\/site\/?page_id=227","title":{"rendered":"ProOne Meeting &#8211; l&#8217;alieno"},"content":{"rendered":"<h2><i><span style=\"font-weight: 400;\">Introduzione<\/span><\/i><\/h2>\n<p><span style=\"font-weight: 400;\">Sono stato mandato sul pianeta terra con mandato esplorativo. Sono giunto in Europa, il cosiddetto \u201cvecchio continente\u201d. Pi\u00f9 precisamente in Italia. Pi\u00f9 precisamente nel nord Italia. Ancor pi\u00f9 precisamente: nei pressi del lago di Garda. Qui, oltre al lago, a montagne in lontananza e alla pianura distesa placidamente, si percepisce una frizzante operosit\u00e0 della gente. In ogni dove vedo aziende, piccole medie e grandi. Mi hanno detto che si tratti di una delle zone pi\u00f9 operose del vecchio continente e voglio comprendere di pi\u00f9. Inizio quindi, molto prima dell\u2019alba, a girovagare.<\/span><\/p>\n<h2><i><span style=\"font-weight: 400;\">Ore 5.30<\/span><\/i><\/h2>\n<p><span style=\"font-weight: 400;\">Sono le cinque e mezza del mattino, la mia attenzione \u00e8 attirata da un rumore metallico e da una luce al neon. Entro in uno stabilimento e osservo un giovane magazziniere armeggiare al suo computer. Sta inserendo le ultime informazioni relative agli ordini che, tra pochi minuti, andranno in consegna nei vari punti vendita.<\/span><\/p>\n<p><span style=\"font-weight: 400;\">Il giovane lavora nell\u2019androne di una grande cella frigorifera dove sono immagazzinati generi alimentari che devono sottostare alla cosiddetta \u201ccatena del freddo\u201d e, in questi casi, la rapidit\u00e0 della logistica \u00e8 fondamentale.<\/span><\/p>\n<p><span style=\"font-weight: 400;\">Finito di inserire i dati, preme un pulsante sullo schermo e, alle sue spalle, un robot inizia a movimentare pacchi e cassette alla ricerca dei prodotti da consegnare; in pochi minuti i prodotti sono gi\u00e0 sui rulli trasportatori che li conducono ai camion frigoriferi.<\/span><\/p>\n<p><span style=\"font-weight: 400;\">Osservo lo schermo del PC che rappresenta le varie operazioni del robot, in alto a destra capeggia un logo a me sconosciuto: ProOne.<\/span><\/p>\n<h2><i><span style=\"font-weight: 400;\">Ore 6.00<\/span><\/i><\/h2>\n<p><span style=\"font-weight: 400;\">Mi sposto di qualche chilometro e un capannello di uomini in divisa arancio attira la mia attenzione; si stanno scambiando le ultime battute prima di salire ciascuno sul proprio camion per il servizio della giornata: sono gli addetti alla raccolta dei rifiuti porta a porta. Ciascuno di loro ha in mano la scheda per il servizio odierno: un dettagliato foglio che ricorda le vie, i percorsi, le particolarit\u00e0 del giro.<\/span><\/p>\n<p><span style=\"font-weight: 400;\">Mentre a bordo dei loro veicoli si allontanano osservo meglio il foglio che hanno in mano: in alto a destra, anche qui, il logo ProOne.<\/span><\/p>\n<h2><i><span style=\"font-weight: 400;\">Ore 7.30<\/span><\/i><\/h2>\n<p><span style=\"font-weight: 400;\">Il vociare di alcuni bambini attira la mia attenzione. Mi avvicino, si tratta di una scuola materna. Una mamma saluta il proprio figlio che corre spensierato per raggiungere gli amici; la mamma ripone il giubbino del figlio nell\u2019armadietto e, dalla busta collocata sull\u2019anta, ritira un foglio. Si tratta del promemoria per la retta da pagare questo mese. La mamma controlla l\u2019importo e ripone il foglio nella borsa sapendo che il dovuto sar\u00e0 addebitato automaticamente sul conto corrente.<\/span><\/p>\n<p><span style=\"font-weight: 400;\">La segretaria nella stanza a fianco sta, infatti, inviando il flusso RID alla banca; anche sul suo schermo osservo il logo ProOne.<\/span><\/p>\n<h2><i><span style=\"font-weight: 400;\">Ore 8.00<\/span><\/i><\/h2>\n<p><span style=\"font-weight: 400;\">Seguo il formicolare di persone in zona industriale mi avvicino e entro in un\u2019azienda metalmeccanica. Qui costruiscono veicoli industriali, camion per capirci.<\/span><\/p>\n<p><span style=\"font-weight: 400;\">Un enorme centro di lavoro robotizzato sta confezionando, in una danza di pistoni, traslatori e punzoni, la parete destra di un semirimorchio. Dopo aver osservato i movimenti del centro di lavoro provo a comprendere da dove arrivino tutti i dati che fanno muovere un cos\u00ec complesso armamentario. Dal centro di lavoro risalgo la rete locale e mi ritrovo in ufficio tecnico. Qui alcuni operatori stanno lavorando ai loro PC: inseriscono i dati dimensionali di ogni veicolo e il programma produce tutta una serie di file che sono lo \u201cspartito\u201d per i centri di lavoro che ho visto poco fa.<\/span><\/p>\n<p><span style=\"font-weight: 400;\">Il programma che utilizzano per questo complesso lavoro \u00e8, ancora una volta, ProOne.<\/span><\/p>\n<h2><i><span style=\"font-weight: 400;\">Ore 9.00<\/span><\/i><\/h2>\n<p><span style=\"font-weight: 400;\">Procedo nel mio vagare e mi ritrovo in un poliambulatorio dove un medico sta congedando un paziente. Dopo aver concluso la visita si reca al computer, apre la scheda del paziente, osserva la storia anamnestica, le patologie pregresse, gli esami svolti in precedenza, formula il suo referto. Con un pulsante stampa il Quadro Clinico Sintetico da conservare nella cartella clinica. Con un altro pulsante stampa la lettera referto che consegna al paziente.<\/span><\/p>\n<p><span style=\"font-weight: 400;\">Mentre il medico si destreggia, padrone del suo strumento, io osservo in alto a destra il logo che mi sta divenendo familiare: ProOne.<\/span><\/p>\n<h2><i><span style=\"font-weight: 400;\">Ore 10.00<\/span><\/i><\/h2>\n<p><span style=\"font-weight: 400;\">Spostandomi dall\u2019ambulatorio, incrocio il titolare di un\u2019azienda alimentare proprio nel momento in cui riceve un SMS sul suo telefonino. Guarda lo schermo e il messaggio lo informa che una delle celle frigorifere del suo magazzino \u00e8 in allarme per una temperatura non corretta. Indago un po\u2019 su chi possa avergli mandato il messaggio e, seguendo a ritroso il segnale GSM del suo cellulare, giungo all\u2019azienda dove, a governare tutti i processi, ivi compreso il controllo delle temperature delle celle frigorifere, c\u2019\u00e8 ProOne.<\/span><\/p>\n<h2><i><span style=\"font-weight: 400;\">Ore 11.00<\/span><\/i><\/h2>\n<p><span style=\"font-weight: 400;\">Nella tarda mattinata il mio nomadismo tra le aziende mi porta in diversi uffici amministrativi dove vedo impiegati ed impiegate svolgere i compiti pi\u00f9 disparati: chi deve gestire il rinnovo di un contratto a tempo determinato, chi deve occuparsi della manutenzione dei mezzi aziendali, chi di emettere una fattura elettronica, chi di registrare fatture di acquisto, chi di procedere alla liquidazione dell\u2019IVA, chi di inviare flussi telematici all\u2019Agenzia delle Entrate.<\/span><\/p>\n<p><span style=\"font-weight: 400;\">Comprendo poco di tutte queste tematiche ma una cosa mi balza all\u2019occhio: tutti utilizzano ProOne.<\/span><\/p>\n<h2><i><span style=\"font-weight: 400;\">Ore 11.30<\/span><\/i><\/h2>\n<p><span style=\"font-weight: 400;\">Dopo gli uffici amministrativi \u00e8 la volta di un negozio, un bel negozio di abbigliamento intimo, entro incuriosito dalla lingerie esposta in vetrina. La titolare del negozio sta concludendo una vendita: accompagna la cliente alla cassa e, tramite il lettore di codici a barre, procede a gestire lo scarico del magazzino e l\u2019emissione dello scontrino fiscale. Anche lei utilizza ProOne.<\/span><\/p>\n<h2><i><span style=\"font-weight: 400;\">Ore 12.00<\/span><\/i><\/h2>\n<p><span style=\"font-weight: 400;\">Procedo nel mio girovagare ed arrivo ad uno Studio di Ingegneria che si occupa, prevalentemente, di sicurezza sul lavoro. Un\u2019impiegata sta registrando le schede di formazione del corso conclusosi ieri e sta provvedendo alla produzione degli attestati di frequenza. La sento affermare al giovane collega che le sta a fianco che, da qualche anno tutta la gestione dello Studio \u00e8 svolta con ProOne.<\/span><\/p>\n<h2><i><span style=\"font-weight: 400;\">Ore 13.00<\/span><\/i><\/h2>\n<p><span style=\"font-weight: 400;\">Girovagando per la campagna arrivo ad un\u2019azienda che si occupa, tra l\u2019altro, di raccolta dell\u2019olio alimentare esausto. Osservo il via-vai di camion dal piazzale. Ogni operazione deve essere accompagnata dal cosiddetto \u201cformulario\u201d, un documento che attesta la provenienza, la destinazione e la natura del rifiuto movimentato. In ufficio un impiegato sta predisponendo i formulari del \u201cgiro\u201d di domani. Ha selezionato in ProOne i clienti che saranno oggetto di raccolta e ha avviato la stampa. Mentre la rumorosa stampante ad aghi produce i moduli richiesti, si gusta una tazza di caff\u00e8.<\/span><\/p>\n<h2><i><span style=\"font-weight: 400;\">Ore 14.00<\/span><\/i><\/h2>\n<p><span style=\"font-weight: 400;\">In un\u2019altra azienda vedo un reparto nel quale si esegue l\u2019assemblaggio di prodotti per conto di terzi. Osservo tre fasi della lavorazione: l\u2019arrivo di semilavorati, l\u2019assemblaggio del prodotto, la spedizione dei prodotti finiti. In tutte le tre fasi un\u2019addetta, mediante un lettore di codici a barre, documenta ogni operazione nel suo ProOne. Nell\u2019ufficio amministrativo della medesima azienda, un\u2019impiegata sta producendo un report della produzione della settimana precedente.<\/span><\/p>\n<h2><i><span style=\"font-weight: 400;\">Ore 14.30<\/span><\/i><\/h2>\n<p><span style=\"font-weight: 400;\">Arrivo in un\u2019azienda mentre \u00e8 in atto il consiglio di amministrazione. La direttrice sta presentando i report della produzione settimanale ed illustrando gli incrementi rispetto all\u2019anno precedente. Il Presidente chiede delucidazioni su alcuni dettagli e la direttrice, con pochi click sul suo PC, estrapola quanto richiesto. Nel frattempo pensa che, vista la costante domanda su questi dettagli, chieder\u00e0 a chi di dovere che la stampa di ProOne venga ulteriormente integrata.<\/span><\/p>\n<h2><i><span style=\"font-weight: 400;\">Ore 15.30<\/span><\/i><\/h2>\n<p><span style=\"font-weight: 400;\">In un\u2019altra azienda oggi si riunisce il Collegio Sindacale e il responsabile amministrativo ha predisposto una serie di report tra i quali il bilancio di verifica nel quale ha chiesto a ProOne di provvedere a simulare, automaticamente, i ratei, i risconti e gli ammortamenti relativi al trimestre in esame. Si sente adeguatamente sereno: nella precedente occasione ha ricevuto i complimenti del Collegio e, anche stavolta, confida di bissare il risultato.<\/span><\/p>\n<h2><i><span style=\"font-weight: 400;\">Ore 16.00<\/span><\/i><\/h2>\n<p><span style=\"font-weight: 400;\">In un\u2019azienda alimentare, simile alla prima di questa mattina, osservo un po\u2019 di apprensione in quanto \u00e8 giunta una richiesta di tracciabilit\u00e0: l\u2019autorit\u00e0 competente vuole sapere dove siano finiti tutti i prodotti di un determinato lotto che pare avere qualche risultanza non perfetta alle analisi condotte. L\u2019impiegata, cercando di mantenere la calma, si avvicina al PC dove ProOne, anche questa volta, non la lascia sola: in pochi click produce le informazioni richieste e tira un sospiro di sollievo.<\/span><\/p>\n<h2><i><span style=\"font-weight: 400;\">Ore 16.30<\/span><\/i><\/h2>\n<p><span style=\"font-weight: 400;\">Osservo le squadre di un\u2019azienda che si occupa di manutenzione del verde che rientrano dopo la giornata lavorativa. Alcuni di loro li avevo visti, questa mattina, fare manutenzione ad una rotonda presso la fiera. Incuriosito li seguo e giungo nell\u2019ufficio tecnico dove vedo tre postazioni PC grazie alle quali i capi squadra documentano tutto il lavoro svolto. In una sorta di \u201cbotta-risposta\u201d ProOne inizia a fare domande e l\u2019operatore \u00e8 sollecitato a fornire tutte le informazioni: chi eravate? dove eravate? quali lavori avete fatto? avete fatto acquisti? avete noleggiato qualcosa? avete rotto qualcosa? avete usato fitofarmaci?<\/span><\/p>\n<p><span style=\"font-weight: 400;\">L\u2019inserimento dei dati da parte dei capi squadra predispone tutta una serie di risultati che l\u2019ufficio tecnico avr\u00e0 solo l\u2019onere di controllare: la contabilit\u00e0 di cantiere, il registro presenze, il registro dei fitofarmaci. Il responsabile dell\u2019ufficio tecnico, poco lontano, sogna gi\u00e0 di dotare ogni squadra di un tablet per consentire l\u2019inserimento dei dati direttamente dal cantiere, ancor pi\u00f9 in tempo reale.<\/span><\/p>\n<h2><i><span style=\"font-weight: 400;\">Ore 17.00<\/span><\/i><\/h2>\n<p><span style=\"font-weight: 400;\">In un negozio di arredamenti poco lontano, osservo la fase conclusiva di una vendita. Una famiglia ha acquistato la cucina per la sua nuova casa. La titolare del negozio ha inserito tutti i dettagli dei prodotti che compongono la soluzione in una conferma d\u2019ordine del suo ProOne che ora, con un processo ormai ben collaudato, \u201cspacchetta\u201d l\u2019ordine di vendita in tanti ordini di acquisto, uno per ogni fornitore secondo criteri di scelta che coniugano convenienza e qualit\u00e0. Gli ordini saranno inviati automaticamente, via e-mail, ai fornitori e la titolare gi\u00e0 sa che, tra qualche giorno, nella lista delle cose da fare appariranno i solleciti che un\u2019impiegata gestir\u00e0 con i fornitori per garantire alla famiglia di poter fare presto la sua cena inaugurale.<\/span><\/p>\n<h2><i><span style=\"font-weight: 400;\">Ore 17.30<\/span><\/i><\/h2>\n<p><span style=\"font-weight: 400;\">E\u2019 quasi sera ed arrivo ad un altro poliambulatorio, differente da quello di stamattina: qui si lavora in regime di accreditamento con il Sistema Sanitario Regionale. Tutta l\u2019attivit\u00e0 svolta oggi va immediatamente rendicontata alla Regione. L\u2019impiegata al PC, con piena padronanza dello strumento, estrae i flussi informativi da inviare al SISS e ricorda quando, con il precedente sistema, questa operazione richiedeva uno sforzo ben maggiore. Sorridendo ripensa a quando ha ribattezzato l\u2019attuale programma \u201cProOne Portento\u201d.<\/span><\/p>\n<h2><i><span style=\"font-weight: 400;\">18.00<\/span><\/i><\/h2>\n<p><span style=\"font-weight: 400;\">Ancora una volta \u00e8 il vociare dei bambini ad attirare la mia attenzione. Giungo in un parco giochi dal nome esplosivo. Qui le mamme chiacchierano ai tavolini del bar mentre i figli si scatenano sui gonfiabili, sul castello-labirinto e, i pi\u00f9 piccoli, muovono i primi passi nelle aree loro riservate. Osservo chi entra e chi esce dal parco giochi. Ogni passaggio \u00e8 scandito dalla lettura della tessera personale e il sistema (anche qui ProOne) provvede a scalare l\u2019importo dovuto dal credito degli abbonamenti prepagati.<\/span><\/p>\n<h2><i><span style=\"font-weight: 400;\">19.00<\/span><\/i><\/h2>\n<p><span style=\"font-weight: 400;\">E\u2019 giunta l\u2019ora di cena e mi hanno detto che, da queste parti, c\u2019\u00e8 una Sagra dove hanno un\u2019ottima cucina. Arrivo sul posto attirato dalla musica e mi siedo ad uno dei tavoli. Ai avvicina, quasi subito, una ragazza che, con il palmare in mano, prende il mio ordinativo. Appena se ne va, due ragazzini mi portano il coperto ed un foglio con la sintesi di tutto ci\u00f2 che io ho ordinato. In basso sul foglio una scritta recita orgogliosamente \u201cla nostra Sagra \u00e8 gestita con ProOne\u201d.<\/span><\/p>\n<h2><i><span style=\"font-weight: 400;\">Conclusione<\/span><\/i><\/h2>\n<p><span style=\"font-weight: 400;\">Come mi avevano detto, questa gente \u00e8 veramente operosa. In tutta la giornata ho visto tante persone che si danno da fare per produrre il loro risultato, sia esso un alimento, un vestito, un camion, un mobile o un servizio. Ho anche visto molti che lavorano dietro le quinte nel comparto amministrativo e nel controllo di gestione. Ho, infine, visto chi governa e chi controlla i processi di queste aziende. Un <\/span><i><span style=\"font-weight: 400;\">fil-rouge<\/span><\/i><span style=\"font-weight: 400;\"> ha accompagnato la mia osservazione: dappertutto ho visto ProOne. Ora mi resta una grande curiosit\u00e0 su questo ProOne, confido di poter comprendere di pi\u00f9 nel prosieguo di questa serata.<\/span><\/p>\n","protected":false},"excerpt":{"rendered":"<p>Introduzione Sono stato mandato sul pianeta terra con mandato esplorativo. Sono giunto in Europa, il cosiddetto \u201cvecchio continente\u201d. Pi\u00f9 precisamente in Italia. Pi\u00f9 precisamente nel nord Italia. Ancor pi\u00f9 precisamente: nei pressi del lago di Garda. Qui, oltre al lago, a montagne in lontananza e alla pianura distesa placidamente, si percepisce una frizzante operosit\u00e0 della [&hellip;]<\/p>\n","protected":false},"author":1,"featured_media":0,"parent":119,"menu_order":0,"comment_status":"closed","ping_status":"closed","template":"","meta":[],"_links":{"self":[{"href":"https:\/\/www.proone.it\/site\/index.php?rest_route=\/wp\/v2\/pages\/227"}],"collection":[{"href":"https:\/\/www.proone.it\/site\/index.php?rest_route=\/wp\/v2\/pages"}],"about":[{"href":"https:\/\/www.proone.it\/site\/index.php?rest_route=\/wp\/v2\/types\/page"}],"author":[{"embeddable":true,"href":"https:\/\/www.proone.it\/site\/index.php?rest_route=\/wp\/v2\/users\/1"}],"replies":[{"embeddable":true,"href":"https:\/\/www.proone.it\/site\/index.php?rest_route=%2Fwp%2Fv2%2Fcomments&post=227"}],"version-history":[{"count":2,"href":"https:\/\/www.proone.it\/site\/index.php?rest_route=\/wp\/v2\/pages\/227\/revisions"}],"predecessor-version":[{"id":230,"href":"https:\/\/www.proone.it\/site\/index.php?rest_route=\/wp\/v2\/pages\/227\/revisions\/230"}],"up":[{"embeddable":true,"href":"https:\/\/www.proone.it\/site\/index.php?rest_route=\/wp\/v2\/pages\/119"}],"wp:attachment":[{"href":"https:\/\/www.proone.it\/site\/index.php?rest_route=%2Fwp%2Fv2%2Fmedia&parent=227"}],"curies":[{"name":"wp","href":"https:\/\/api.w.org\/{rel}","templated":true}]}}